{"id":20,"date":"2021-03-11T14:35:30","date_gmt":"2021-03-11T12:35:30","guid":{"rendered":"https:\/\/elbitdynamics.com\/fr\/?page_id=20"},"modified":"2021-04-29T11:31:18","modified_gmt":"2021-04-29T08:31:18","slug":"solutions","status":"publish","type":"page","link":"https:\/\/elbitdynamics.com\/fr\/solutions\/","title":{"rendered":"Solutions"},"content":{"rendered":"<p>[et_pb_section fb_built=&#8221;1&#8243; fullwidth=&#8221;on&#8221; _builder_version=&#8221;4.9.2&#8243; _module_preset=&#8221;default&#8221;][et_pb_fullwidth_code raw_content_tablet=&#8221;&#8221; raw_content_phone=&#8221;%91layerslider id=%2212%22%93&#8243; raw_content_last_edited=&#8221;on|phone&#8221; _builder_version=&#8221;4.9.2&#8243; _module_preset=&#8221;default&#8221; custom_margin=&#8221;9.1vh||||false|false&#8221; custom_margin_tablet=&#8221;&#8221; custom_margin_phone=&#8221;105px||||false|false&#8221; custom_margin_last_edited=&#8221;on|phone&#8221;]<script type=\"text\/javascript\">jQuery(function() { _initLayerSlider( '#layerslider_11_skma79wf7wek', {createdWith: '6.11.6', sliderVersion: '6.11.6', skin: 'v6', navPrevNext: false, hoverPrevNext: false, navStartStop: false, navButtons: false, showCircleTimer: false, skinsPath: 'https:\/\/elbitdynamics.com\/fr\/wp-content\/plugins\/LayerSlider\/assets\/static\/layerslider\/skins\/'}); });<\/script><div id=\"layerslider_11_skma79wf7wek\" class=\"ls-wp-container fitvidsignore\" style=\"width:1920px;height:550px;margin:0 auto;margin-bottom: 0px;\"><div class=\"ls-slide\" data-ls=\"kenburnsscale:1.2;\"><img loading=\"lazy\" decoding=\"async\" width=\"1920\" height=\"550\" src=\"https:\/\/elbitdynamics.com\/fr\/wp-content\/uploads\/2021\/03\/aboutusTopBanner.jpg\" class=\"ls-bg\" alt=\"\" srcset=\"https:\/\/elbitdynamics.com\/fr\/wp-content\/uploads\/2021\/03\/aboutusTopBanner.jpg 1920w, https:\/\/elbitdynamics.com\/fr\/wp-content\/uploads\/2021\/03\/aboutusTopBanner-1280x367.jpg 1280w, https:\/\/elbitdynamics.com\/fr\/wp-content\/uploads\/2021\/03\/aboutusTopBanner-980x281.jpg 980w, https:\/\/elbitdynamics.com\/fr\/wp-content\/uploads\/2021\/03\/aboutusTopBanner-480x138.jpg 480w\" sizes=\"auto, (min-width: 0px) and (max-width: 480px) 480px, (min-width: 481px) and (max-width: 980px) 980px, (min-width: 981px) and (max-width: 1280px) 1280px, (min-width: 1281px) 1920px, 100vw\" \/><p style=\"top:245px;left:135px;font-weight:600;background-size:inherit;background-position:inherit;font-size:50px;color:#ffffff;\" class=\"ls-l\">Solutions<\/p><\/div><\/div>[\/et_pb_fullwidth_code][\/et_pb_section][et_pb_section fb_built=&#8221;1&#8243; disabled_on=&#8221;on|off|off&#8221; _builder_version=&#8221;4.9.2&#8243; _module_preset=&#8221;default&#8221; custom_padding=&#8221;0px||4px||false|false&#8221;][et_pb_row _builder_version=&#8221;4.9.2&#8243; _module_preset=&#8221;default&#8221;][et_pb_column type=&#8221;4_4&#8243; _builder_version=&#8221;4.9.2&#8243; _module_preset=&#8221;default&#8221;][et_pb_text _builder_version=&#8221;4.9.4&#8243; _module_preset=&#8221;default&#8221; text_font_size=&#8221;22px&#8221; text_line_height=&#8221;1.5em&#8221; text_orientation=&#8221;center&#8221; custom_margin=&#8221;40px|||||&#8221; hover_enabled=&#8221;0&#8243; sticky_enabled=&#8221;0&#8243;]<\/p>\n<p>Elbit Dynamics propose des solutions technologiques d\u00e9di\u00e9es dans le but de r\u00e9pondre aux besoins relatifs aux d\u00e9fis complexes, aux situations dynamiques et aux menaces n\u00e9cessitant des informations exploitables et une gestion de la s\u00e9curit\u00e9 de haut niveau. Les solutions int\u00e9grales et innovantes avanc\u00e9es sont con\u00e7ues pour \u00eatre diversement appliqu\u00e9es dans les domaines de :<\/p>\n<p>[\/et_pb_text][\/et_pb_column][\/et_pb_row][\/et_pb_section][et_pb_section fb_built=&#8221;1&#8243; disabled_on=&#8221;off|on|on&#8221; _builder_version=&#8221;4.9.2&#8243; _module_preset=&#8221;default&#8221; custom_padding=&#8221;0px||||false|false&#8221;][et_pb_row _builder_version=&#8221;4.9.2&#8243; _module_preset=&#8221;default&#8221; width=&#8221;330px&#8221;][et_pb_column type=&#8221;4_4&#8243; _builder_version=&#8221;4.9.2&#8243; _module_preset=&#8221;default&#8221;][et_pb_text _builder_version=&#8221;4.9.4&#8243; _module_preset=&#8221;default&#8221; text_font_size=&#8221;16px&#8221; text_line_height=&#8221;22px&#8221; text_orientation=&#8221;center&#8221; hover_enabled=&#8221;0&#8243; sticky_enabled=&#8221;0&#8243;]<\/p>\n<p>Elbit Dynamics propose des solutions technologiques d\u00e9di\u00e9es dans le but de r\u00e9pondre aux besoins relatifs aux d\u00e9fis complexes, aux situations dynamiques et aux menaces n\u00e9cessitant des informations exploitables et une gestion de la s\u00e9curit\u00e9 de haut niveau. Les solutions int\u00e9grales et innovantes avanc\u00e9es sont con\u00e7ues pour \u00eatre diversement appliqu\u00e9es dans les domaines de :<\/p>\n<p>[\/et_pb_text][\/et_pb_column][\/et_pb_row][\/et_pb_section][et_pb_section fb_built=&#8221;1&#8243; disabled_on=&#8221;off|off|off&#8221; _builder_version=&#8221;4.9.2&#8243; _module_preset=&#8221;default&#8221; custom_margin=&#8221;||35px||false|false&#8221; custom_padding=&#8221;0px||||false|false&#8221;][et_pb_row column_structure=&#8221;1_2,1_2&#8243; use_custom_gutter=&#8221;on&#8221; gutter_width=&#8221;2&#8243; make_equal=&#8221;on&#8221; disabled_on=&#8221;on|off|off&#8221; _builder_version=&#8221;4.9.2&#8243; _module_preset=&#8221;default&#8221; width=&#8221;95%&#8221; max_width=&#8221;100%&#8221; height=&#8221;450px&#8221;][et_pb_column type=&#8221;1_2&#8243; _builder_version=&#8221;4.9.2&#8243; _module_preset=&#8221;default&#8221;][et_pb_cta button_url=&#8221;@ET-DC@eyJkeW5hbWljIjp0cnVlLCJjb250ZW50IjoicG9zdF9saW5rX3VybF9wYWdlIiwic2V0dGluZ3MiOnsicG9zdF9pZCI6IjI4In19@&#8221; button_text=&#8221;Voir plus&#8221; _builder_version=&#8221;4.9.4&#8243; _dynamic_attributes=&#8221;button_url&#8221; _module_preset=&#8221;default&#8221; header_font=&#8221;|600|||||||&#8221; header_text_align=&#8221;left&#8221; header_font_size=&#8221;50px&#8221; header_line_height=&#8221;1.6em&#8221; body_font=&#8221;|600|||||||&#8221; body_text_align=&#8221;center&#8221; body_font_size=&#8221;50px&#8221; body_line_height=&#8221;1em&#8221; background_enable_color=&#8221;off&#8221; background_image=&#8221;https:\/\/elbitdynamics.com\/fr\/wp-content\/uploads\/2021\/03\/Mask-Group-22.jpg&#8221; custom_button=&#8221;on&#8221; button_text_color=&#8221;#FFFFFF&#8221; button_border_width=&#8221;3px&#8221; button_border_color=&#8221;gcid-fe5a8778-9e22-48fb-9949-4bf3df83592b&#8221; button_border_radius=&#8221;33px&#8221; button_font=&#8221;|600|||||||&#8221; button_alignment=&#8221;center&#8221; button_custom_margin=&#8221;10px||||false|false&#8221; module_alignment=&#8221;left&#8221; hover_enabled=&#8221;0&#8243; custom_css_promo_description=&#8221;margin-top: 23vh&#8221; border_color_all=&#8221;gcid-fe5a8778-9e22-48fb-9949-4bf3df83592b&#8221; global_colors_info=&#8221;{%22gcid-fe5a8778-9e22-48fb-9949-4bf3df83592b%22:%91%22border_color_all%22,%22button_border_color%22%93}&#8221; sticky_enabled=&#8221;0&#8243;]<\/p>\n<p>Cybers\u00e9curit\u00e9<\/p>\n<p>[\/et_pb_cta][\/et_pb_column][et_pb_column type=&#8221;1_2&#8243; _builder_version=&#8221;4.9.2&#8243; _module_preset=&#8221;default&#8221;][et_pb_cta button_url=&#8221;@ET-DC@eyJkeW5hbWljIjp0cnVlLCJjb250ZW50IjoicG9zdF9saW5rX3VybF9wYWdlIiwic2V0dGluZ3MiOnsicG9zdF9pZCI6IjMxIn19@&#8221; button_text=&#8221;Voir plus&#8221; _builder_version=&#8221;4.9.4&#8243; _dynamic_attributes=&#8221;button_url&#8221; _module_preset=&#8221;default&#8221; header_font=&#8221;|600|||||||&#8221; header_text_align=&#8221;left&#8221; header_font_size=&#8221;50px&#8221; header_line_height=&#8221;1.6em&#8221; body_font=&#8221;|600|||||||&#8221; body_text_align=&#8221;center&#8221; body_font_size=&#8221;50px&#8221; body_line_height=&#8221;1em&#8221; background_enable_color=&#8221;off&#8221; background_image=&#8221;https:\/\/elbitdynamics.com\/fr\/wp-content\/uploads\/2021\/03\/Mask-Group-24.jpg&#8221; custom_button=&#8221;on&#8221; button_text_color=&#8221;#FFFFFF&#8221; button_border_width=&#8221;3px&#8221; button_border_color=&#8221;gcid-fe5a8778-9e22-48fb-9949-4bf3df83592b&#8221; button_border_radius=&#8221;33px&#8221; button_font=&#8221;|600|||||||&#8221; button_alignment=&#8221;center&#8221; button_custom_margin=&#8221;10px||||false|false&#8221; module_alignment=&#8221;left&#8221; hover_enabled=&#8221;0&#8243; custom_css_promo_description=&#8221;margin-top: 23vh&#8221; border_color_all=&#8221;gcid-fe5a8778-9e22-48fb-9949-4bf3df83592b&#8221; global_colors_info=&#8221;{%22gcid-fe5a8778-9e22-48fb-9949-4bf3df83592b%22:%91%22border_color_all%22,%22button_border_color%22,%22border_color_all%22,%22button_border_color%22,%22border_color_all%22,%22button_border_color%22%93}&#8221; sticky_enabled=&#8221;0&#8243;]<\/p>\n<p>Cyber-renseignement<\/p>\n<p>[\/et_pb_cta][\/et_pb_column][\/et_pb_row][et_pb_row column_structure=&#8221;1_2,1_2&#8243; use_custom_gutter=&#8221;on&#8221; gutter_width=&#8221;2&#8243; make_equal=&#8221;on&#8221; disabled_on=&#8221;on|off|off&#8221; _builder_version=&#8221;4.9.2&#8243; _module_preset=&#8221;default&#8221; width=&#8221;95%&#8221; max_width=&#8221;100%&#8221; height=&#8221;450px&#8221; custom_margin=&#8221;60px||||false|false&#8221;][et_pb_column type=&#8221;1_2&#8243; _builder_version=&#8221;4.9.2&#8243; _module_preset=&#8221;default&#8221;][et_pb_cta button_url=&#8221;@ET-DC@eyJkeW5hbWljIjp0cnVlLCJjb250ZW50IjoicG9zdF9saW5rX3VybF9wYWdlIiwic2V0dGluZ3MiOnsicG9zdF9pZCI6IjMzIn19@&#8221; button_text=&#8221;Voir plus&#8221; _builder_version=&#8221;4.9.4&#8243; _dynamic_attributes=&#8221;button_url&#8221; _module_preset=&#8221;default&#8221; header_font=&#8221;|600|||||||&#8221; header_text_align=&#8221;left&#8221; header_font_size=&#8221;50px&#8221; header_line_height=&#8221;1.6em&#8221; body_font=&#8221;|600|||||||&#8221; body_text_align=&#8221;center&#8221; body_font_size=&#8221;50px&#8221; body_line_height=&#8221;1em&#8221; background_enable_color=&#8221;off&#8221; background_image=&#8221;https:\/\/elbitdynamics.com\/fr\/wp-content\/uploads\/2021\/03\/Mask-Group-25.jpg&#8221; custom_button=&#8221;on&#8221; button_text_color=&#8221;#FFFFFF&#8221; button_border_width=&#8221;3px&#8221; button_border_color=&#8221;gcid-fe5a8778-9e22-48fb-9949-4bf3df83592b&#8221; button_border_radius=&#8221;33px&#8221; button_font=&#8221;|600|||||||&#8221; button_alignment=&#8221;center&#8221; button_custom_margin=&#8221;10px||||false|false&#8221; module_alignment=&#8221;left&#8221; hover_enabled=&#8221;0&#8243; custom_css_promo_description=&#8221;margin-top: 23vh&#8221; border_color_all=&#8221;gcid-fe5a8778-9e22-48fb-9949-4bf3df83592b&#8221; global_colors_info=&#8221;{%22gcid-fe5a8778-9e22-48fb-9949-4bf3df83592b%22:%91%22border_color_all%22,%22button_border_color%22,%22border_color_all%22,%22button_border_color%22,%22border_color_all%22,%22button_border_color%22%93}&#8221; sticky_enabled=&#8221;0&#8243;]<\/p>\n<p>Cyber-\u00e9ducation et formation<\/p>\n<p>[\/et_pb_cta][\/et_pb_column][et_pb_column type=&#8221;1_2&#8243; _builder_version=&#8221;4.9.2&#8243; _module_preset=&#8221;default&#8221;][et_pb_cta button_url=&#8221;@ET-DC@eyJkeW5hbWljIjp0cnVlLCJjb250ZW50IjoicG9zdF9saW5rX3VybF9wYWdlIiwic2V0dGluZ3MiOnsicG9zdF9pZCI6IjM1In19@&#8221; button_text=&#8221;Voir plus&#8221; _builder_version=&#8221;4.9.4&#8243; _dynamic_attributes=&#8221;button_url&#8221; _module_preset=&#8221;default&#8221; header_font=&#8221;|600|||||||&#8221; header_text_align=&#8221;left&#8221; header_font_size=&#8221;50px&#8221; header_line_height=&#8221;1.6em&#8221; body_font=&#8221;|600|||||||&#8221; body_text_align=&#8221;center&#8221; body_font_size=&#8221;50px&#8221; body_line_height=&#8221;1em&#8221; background_enable_color=&#8221;off&#8221; background_image=&#8221;https:\/\/elbitdynamics.com\/fr\/wp-content\/uploads\/2021\/03\/Mask-Group-23.jpg&#8221; custom_button=&#8221;on&#8221; button_text_color=&#8221;#FFFFFF&#8221; button_border_width=&#8221;3px&#8221; button_border_color=&#8221;gcid-fe5a8778-9e22-48fb-9949-4bf3df83592b&#8221; button_border_radius=&#8221;33px&#8221; button_font=&#8221;|600|||||||&#8221; button_alignment=&#8221;center&#8221; button_custom_margin=&#8221;10px||||false|false&#8221; module_alignment=&#8221;left&#8221; custom_margin=&#8221;||43px|||&#8221; hover_enabled=&#8221;0&#8243; custom_css_promo_description=&#8221;margin-top: 23vh&#8221; border_color_all=&#8221;gcid-fe5a8778-9e22-48fb-9949-4bf3df83592b&#8221; global_colors_info=&#8221;{%22gcid-fe5a8778-9e22-48fb-9949-4bf3df83592b%22:%91%22border_color_all%22,%22button_border_color%22,%22border_color_all%22,%22button_border_color%22,%22border_color_all%22,%22button_border_color%22,%22border_color_all%22,%22button_border_color%22,%22border_color_all%22,%22button_border_color%22%93}&#8221; sticky_enabled=&#8221;0&#8243;]<\/p>\n<p>S\u00e9curit\u00e9 Int\u00e9rieure<\/p>\n<p>[\/et_pb_cta][\/et_pb_column][\/et_pb_row][et_pb_row disabled_on=&#8221;off|on|on&#8221; _builder_version=&#8221;4.9.2&#8243; _module_preset=&#8221;default&#8221; custom_margin=&#8221;0px||||false|false&#8221; custom_padding=&#8221;0px||||false|false&#8221;][et_pb_column type=&#8221;4_4&#8243; _builder_version=&#8221;4.9.2&#8243; _module_preset=&#8221;default&#8221;][et_pb_text _builder_version=&#8221;4.9.2&#8243; _module_preset=&#8221;default&#8221; header_font=&#8221;|700|||||||&#8221; header_text_align=&#8221;center&#8221; header_text_color=&#8221;#052c4d&#8221; header_font_size=&#8221;20px&#8221; header_2_font=&#8221;|700|||||||&#8221; header_2_text_align=&#8221;center&#8221; header_2_text_color=&#8221;gcid-d7a012ed-e8af-47e9-a944-66d7a0b4dc6a&#8221; header_2_font_size=&#8221;40px&#8221; custom_margin=&#8221;-50px||0px||false|false&#8221; custom_padding=&#8221;0px||0px||false|false&#8221; global_colors_info=&#8221;{%22gcid-0403feb8-76df-4fdd-acbd-d2021206770c%22:%91%93,%22gcid-d7a012ed-e8af-47e9-a944-66d7a0b4dc6a%22:%91%22header_2_text_color%22%93}&#8221;]<\/p>\n<h1>Our Solutions<\/h1>\n<p>[\/et_pb_text][\/et_pb_column][\/et_pb_row][et_pb_row use_custom_gutter=&#8221;on&#8221; gutter_width=&#8221;1&#8243; make_equal=&#8221;on&#8221; disabled_on=&#8221;off|on|on&#8221; _builder_version=&#8221;4.9.2&#8243; _module_preset=&#8221;default&#8221; background_enable_image=&#8221;off&#8221; width=&#8221;95%&#8221; max_width=&#8221;100%&#8221; module_alignment=&#8221;center&#8221; custom_margin=&#8221;||||false|false&#8221; custom_padding=&#8221;||||false|false&#8221; height__hover_enabled=&#8221;off|desktop&#8221;][et_pb_column type=&#8221;4_4&#8243; _builder_version=&#8221;4.9.2&#8243; _module_preset=&#8221;default&#8221; background_enable_color=&#8221;off&#8221; background_enable_image=&#8221;off&#8221; custom_padding=&#8221;||||false|false&#8221; custom_css_main_element=&#8221;margin-right: 1.5% !important;&#8221; border_color_bottom=&#8221;gcid-d2310b0d-fe3c-47a9-ae1e-ee4858de307e&#8221; global_colors_info=&#8221;{%22gcid-d2310b0d-fe3c-47a9-ae1e-ee4858de307e%22:%91%22border_color_bottom%22,%22border_color_bottom%22,%22border_color_bottom%22%93}&#8221;][et_pb_cta button_url=&#8221;https:\/\/elbitdynamics.com\/fr\/cyber-security\/&#8221; button_text=&#8221;Voir plus&#8221; _builder_version=&#8221;4.9.4&#8243; _dynamic_attributes=&#8221;button_url&#8221; _module_preset=&#8221;default&#8221; header_font=&#8221;|600|||||||&#8221; header_text_align=&#8221;left&#8221; header_font_size=&#8221;50px&#8221; header_line_height=&#8221;1.6em&#8221; body_font=&#8221;|600|||||||&#8221; body_text_align=&#8221;center&#8221; body_font_size=&#8221;23px&#8221; body_line_height=&#8221;1em&#8221; background_enable_color=&#8221;off&#8221; background_image=&#8221;https:\/\/elbitdynamics.com\/fr\/wp-content\/uploads\/2021\/03\/hp5.jpg&#8221; background_size=&#8221;contain&#8221; custom_button=&#8221;on&#8221; button_text_color=&#8221;#FFFFFF&#8221; button_border_width=&#8221;3px&#8221; button_border_color=&#8221;gcid-fe5a8778-9e22-48fb-9949-4bf3df83592b&#8221; button_border_radius=&#8221;33px&#8221; button_font=&#8221;|600|||||||&#8221; button_alignment=&#8221;center&#8221; button_custom_margin=&#8221;0px||||false|false&#8221; max_width=&#8221;436px&#8221; module_alignment=&#8221;left&#8221; height=&#8221;409px&#8221; custom_margin=&#8221;-80px||-30px||false|false&#8221; custom_padding=&#8221;||||false|false&#8221; hover_enabled=&#8221;0&#8243; custom_css_promo_description=&#8221;margin-top: 183px;&#8221; border_color_all=&#8221;gcid-fe5a8778-9e22-48fb-9949-4bf3df83592b&#8221; global_colors_info=&#8221;{%22gcid-fe5a8778-9e22-48fb-9949-4bf3df83592b%22:%91%22border_color_all%22,%22button_border_color%22%93}&#8221; sticky_enabled=&#8221;0&#8243;]<\/p>\n<p>Cybers\u00e9curit\u00e9<\/p>\n<p>[\/et_pb_cta][et_pb_cta button_url=&#8221;https:\/\/elbitdynamics.com\/fr\/cyber-intelligence\/&#8221; button_text=&#8221;Voir plus&#8221; _builder_version=&#8221;4.9.4&#8243; _dynamic_attributes=&#8221;button_url&#8221; _module_preset=&#8221;default&#8221; header_font=&#8221;|600|||||||&#8221; header_text_align=&#8221;left&#8221; header_font_size=&#8221;50px&#8221; header_line_height=&#8221;1.6em&#8221; body_font=&#8221;|600|||||||&#8221; body_text_align=&#8221;center&#8221; body_font_size=&#8221;23px&#8221; body_line_height=&#8221;1em&#8221; background_enable_color=&#8221;off&#8221; background_image=&#8221;https:\/\/elbitdynamics.com\/fr\/wp-content\/uploads\/2021\/03\/hp3.jpg&#8221; background_size=&#8221;contain&#8221; custom_button=&#8221;on&#8221; button_text_color=&#8221;#FFFFFF&#8221; button_border_width=&#8221;3px&#8221; button_border_color=&#8221;gcid-fe5a8778-9e22-48fb-9949-4bf3df83592b&#8221; button_border_radius=&#8221;33px&#8221; button_font=&#8221;|600|||||||&#8221; button_alignment=&#8221;center&#8221; button_custom_margin=&#8221;0px||||false|false&#8221; max_width=&#8221;436px&#8221; module_alignment=&#8221;left&#8221; height=&#8221;409px&#8221; custom_margin=&#8221;0px||-30px||false|false&#8221; custom_padding=&#8221;||||false|false&#8221; hover_enabled=&#8221;0&#8243; custom_css_promo_description=&#8221;margin-top: 183px;&#8221; border_color_all=&#8221;gcid-fe5a8778-9e22-48fb-9949-4bf3df83592b&#8221; global_colors_info=&#8221;{%22gcid-fe5a8778-9e22-48fb-9949-4bf3df83592b%22:%91%22border_color_all%22,%22button_border_color%22,%22border_color_all%22,%22button_border_color%22%93}&#8221; sticky_enabled=&#8221;0&#8243;]<\/p>\n<p>Cyber-renseignement<\/p>\n<p>[\/et_pb_cta][et_pb_cta button_url=&#8221;https:\/\/elbitdynamics.com\/fr\/cyber-education-and-training\/&#8221; button_text=&#8221;Voir plus&#8221; _builder_version=&#8221;4.9.4&#8243; _dynamic_attributes=&#8221;button_url&#8221; _module_preset=&#8221;default&#8221; header_font=&#8221;|600|||||||&#8221; header_text_align=&#8221;left&#8221; header_font_size=&#8221;50px&#8221; header_line_height=&#8221;1.6em&#8221; body_font=&#8221;|600|||||||&#8221; body_text_align=&#8221;center&#8221; body_font_size=&#8221;23px&#8221; body_line_height=&#8221;26px&#8221; background_enable_color=&#8221;off&#8221; background_image=&#8221;https:\/\/elbitdynamics.com\/fr\/wp-content\/uploads\/2021\/03\/hp4.jpg&#8221; background_size=&#8221;contain&#8221; custom_button=&#8221;on&#8221; button_text_color=&#8221;#FFFFFF&#8221; button_border_width=&#8221;3px&#8221; button_border_color=&#8221;gcid-fe5a8778-9e22-48fb-9949-4bf3df83592b&#8221; button_border_radius=&#8221;33px&#8221; button_font=&#8221;|600|||||||&#8221; button_alignment=&#8221;center&#8221; button_custom_margin=&#8221;0px||||false|false&#8221; max_width=&#8221;436px&#8221; module_alignment=&#8221;left&#8221; height=&#8221;409px&#8221; custom_margin=&#8221;0px||-30px||false|false&#8221; custom_padding=&#8221;||||false|false&#8221; hover_enabled=&#8221;0&#8243; custom_css_promo_description=&#8221;margin-top: 150px;&#8221; border_color_all=&#8221;gcid-fe5a8778-9e22-48fb-9949-4bf3df83592b&#8221; global_colors_info=&#8221;{%22gcid-fe5a8778-9e22-48fb-9949-4bf3df83592b%22:%91%22border_color_all%22,%22button_border_color%22,%22border_color_all%22,%22button_border_color%22,%22border_color_all%22,%22button_border_color%22%93}&#8221; sticky_enabled=&#8221;0&#8243;]<\/p>\n<p>Cyber-\u00e9ducation et formation<\/p>\n<p>[\/et_pb_cta][et_pb_cta button_url=&#8221;https:\/\/elbitdynamics.com\/fr\/homeland-security\/&#8221; button_text=&#8221;Voir plus&#8221; _builder_version=&#8221;4.9.4&#8243; _dynamic_attributes=&#8221;button_url&#8221; _module_preset=&#8221;default&#8221; header_font=&#8221;|600|||||||&#8221; header_text_align=&#8221;left&#8221; header_font_size=&#8221;50px&#8221; header_line_height=&#8221;1.6em&#8221; body_text_align=&#8221;center&#8221; body_font_size=&#8221;23px&#8221; body_line_height=&#8221;1em&#8221; background_enable_color=&#8221;off&#8221; background_image=&#8221;https:\/\/elbitdynamics.com\/fr\/wp-content\/uploads\/2021\/03\/hp2.jpg&#8221; background_size=&#8221;contain&#8221; custom_button=&#8221;on&#8221; button_text_color=&#8221;#FFFFFF&#8221; button_border_width=&#8221;3px&#8221; button_border_color=&#8221;gcid-fe5a8778-9e22-48fb-9949-4bf3df83592b&#8221; button_border_radius=&#8221;33px&#8221; button_font=&#8221;|600|||||||&#8221; button_alignment=&#8221;center&#8221; button_custom_margin=&#8221;0px||||false|false&#8221; max_width=&#8221;436px&#8221; module_alignment=&#8221;left&#8221; height=&#8221;409px&#8221; custom_margin=&#8221;0px||-90px||false|false&#8221; custom_padding=&#8221;||||false|false&#8221; hover_enabled=&#8221;0&#8243; custom_css_promo_description=&#8221;margin-top: 183px;&#8221; border_color_all=&#8221;gcid-fe5a8778-9e22-48fb-9949-4bf3df83592b&#8221; global_colors_info=&#8221;{%22gcid-fe5a8778-9e22-48fb-9949-4bf3df83592b%22:%91%22border_color_all%22,%22button_border_color%22,%22border_color_all%22,%22button_border_color%22,%22border_color_all%22,%22button_border_color%22%93}&#8221; sticky_enabled=&#8221;0&#8243;]<\/p>\n<p>S\u00e9curit\u00e9 Int\u00e9rieure<\/p>\n<p>[\/et_pb_cta][\/et_pb_column][\/et_pb_row][\/et_pb_section]<\/p>\n","protected":false},"excerpt":{"rendered":"<p><script type=\"text\/javascript\">jQuery(function() { _initLayerSlider( '#layerslider_11_1cu993145z40m', {createdWith: '6.11.6', sliderVersion: '6.11.6', skin: 'v6', navPrevNext: false, hoverPrevNext: false, navStartStop: false, navButtons: false, showCircleTimer: false, skinsPath: 'https:\/\/elbitdynamics.com\/fr\/wp-content\/plugins\/LayerSlider\/assets\/static\/layerslider\/skins\/'}); });<\/script><div id=\"layerslider_11_1cu993145z40m\" class=\"ls-wp-container fitvidsignore\" style=\"width:1920px;height:550px;margin:0 auto;margin-bottom: 0px;\"><div class=\"ls-slide\" data-ls=\"kenburnsscale:1.2;\"><img loading=\"lazy\" width=\"1920\" height=\"550\" src=\"https:\/\/elbitdynamics.com\/fr\/wp-content\/uploads\/2021\/03\/aboutusTopBanner.jpg\" class=\"ls-bg\" alt=\"\" decoding=\"async\" srcset=\"https:\/\/elbitdynamics.com\/fr\/wp-content\/uploads\/2021\/03\/aboutusTopBanner.jpg 1920w, https:\/\/elbitdynamics.com\/fr\/wp-content\/uploads\/2021\/03\/aboutusTopBanner-1280x367.jpg 1280w, https:\/\/elbitdynamics.com\/fr\/wp-content\/uploads\/2021\/03\/aboutusTopBanner-980x281.jpg 980w, https:\/\/elbitdynamics.com\/fr\/wp-content\/uploads\/2021\/03\/aboutusTopBanner-480x138.jpg 480w\" sizes=\"auto, (min-width: 0px) and (max-width: 480px) 480px, (min-width: 481px) and (max-width: 980px) 980px, (min-width: 981px) and (max-width: 1280px) 1280px, (min-width: 1281px) 1920px, 100vw\" \/><p style=\"top:245px;left:135px;font-weight:600;background-size:inherit;background-position:inherit;font-size:50px;color:#ffffff;\" class=\"ls-l\">Solutions<\/p><\/div><\/div>Elbit Dynamics propose des solutions technologiques d\u00e9di\u00e9es dans le but de r\u00e9pondre aux besoins relatifs aux d\u00e9fis complexes, aux situations dynamiques et aux menaces n\u00e9cessitant des informations exploitables et une gestion de la s\u00e9curit\u00e9 de haut niveau. Les solutions int\u00e9grales et innovantes avanc\u00e9es sont con\u00e7ues pour \u00eatre diversement appliqu\u00e9es dans les domaines de :Elbit [&hellip;]<\/p>\n","protected":false},"author":1,"featured_media":0,"parent":0,"menu_order":0,"comment_status":"closed","ping_status":"closed","template":"","meta":{"_et_pb_use_builder":"on","_et_pb_old_content":"","_et_gb_content_width":"","footnotes":""},"class_list":["post-20","page","type-page","status-publish","hentry"],"_links":{"self":[{"href":"https:\/\/elbitdynamics.com\/fr\/wp-json\/wp\/v2\/pages\/20","targetHints":{"allow":["GET"]}}],"collection":[{"href":"https:\/\/elbitdynamics.com\/fr\/wp-json\/wp\/v2\/pages"}],"about":[{"href":"https:\/\/elbitdynamics.com\/fr\/wp-json\/wp\/v2\/types\/page"}],"author":[{"embeddable":true,"href":"https:\/\/elbitdynamics.com\/fr\/wp-json\/wp\/v2\/users\/1"}],"replies":[{"embeddable":true,"href":"https:\/\/elbitdynamics.com\/fr\/wp-json\/wp\/v2\/comments?post=20"}],"version-history":[{"count":27,"href":"https:\/\/elbitdynamics.com\/fr\/wp-json\/wp\/v2\/pages\/20\/revisions"}],"predecessor-version":[{"id":1585,"href":"https:\/\/elbitdynamics.com\/fr\/wp-json\/wp\/v2\/pages\/20\/revisions\/1585"}],"wp:attachment":[{"href":"https:\/\/elbitdynamics.com\/fr\/wp-json\/wp\/v2\/media?parent=20"}],"curies":[{"name":"wp","href":"https:\/\/api.w.org\/{rel}","templated":true}]}}