{"id":26,"date":"2021-03-11T14:36:43","date_gmt":"2021-03-11T12:36:43","guid":{"rendered":"https:\/\/elbitdynamics.com\/fr\/?page_id=26"},"modified":"2021-04-29T18:08:44","modified_gmt":"2021-04-29T15:08:44","slug":"contact-us","status":"publish","type":"page","link":"https:\/\/elbitdynamics.com\/fr\/contact-us\/","title":{"rendered":"Contact Us"},"content":{"rendered":"<p>[et_pb_section fb_built=&#8221;1&#8243; fullwidth=&#8221;on&#8221; _builder_version=&#8221;4.9.2&#8243; _module_preset=&#8221;default&#8221;][et_pb_fullwidth_code raw_content_tablet=&#8221;&#8221; raw_content_phone=&#8221;%91layerslider id=%2226%22%93&#8243; raw_content_last_edited=&#8221;on|desktop&#8221; _builder_version=&#8221;4.9.2&#8243; _module_preset=&#8221;default&#8221; custom_margin=&#8221;9.1vh||||false|false&#8221; custom_margin_tablet=&#8221;&#8221; custom_margin_phone=&#8221;105px||||false|false&#8221; custom_margin_last_edited=&#8221;on|phone&#8221;]<script type=\"text\/javascript\">jQuery(function() { _initLayerSlider( '#layerslider_25_1jv5m2d65h0a1', {createdWith: '6.11.6', sliderVersion: '6.11.8', skin: 'v6', navPrevNext: false, hoverPrevNext: false, navStartStop: false, navButtons: false, showCircleTimer: false, skinsPath: 'https:\/\/elbitdynamics.com\/fr\/wp-content\/plugins\/LayerSlider\/assets\/static\/layerslider\/skins\/'}); });<\/script><div id=\"layerslider_25_1jv5m2d65h0a1\" class=\"ls-wp-container fitvidsignore\" style=\"width:1920px;height:550px;margin:0 auto;margin-bottom: 0px;\"><div class=\"ls-slide\" data-ls=\"kenburnsscale:1.2;\"><img loading=\"lazy\" decoding=\"async\" width=\"1920\" height=\"550\" src=\"https:\/\/elbitdynamics.com\/fr\/wp-content\/uploads\/2021\/03\/teamTopBanner.jpg\" class=\"ls-bg\" alt=\"\" srcset=\"https:\/\/elbitdynamics.com\/fr\/wp-content\/uploads\/2021\/03\/teamTopBanner.jpg 1920w, https:\/\/elbitdynamics.com\/fr\/wp-content\/uploads\/2021\/03\/teamTopBanner-1280x367.jpg 1280w, https:\/\/elbitdynamics.com\/fr\/wp-content\/uploads\/2021\/03\/teamTopBanner-980x281.jpg 980w, https:\/\/elbitdynamics.com\/fr\/wp-content\/uploads\/2021\/03\/teamTopBanner-480x138.jpg 480w\" sizes=\"auto, (min-width: 0px) and (max-width: 480px) 480px, (min-width: 481px) and (max-width: 980px) 980px, (min-width: 981px) and (max-width: 1280px) 1280px, (min-width: 1281px) 1920px, 100vw\" \/><img loading=\"lazy\" decoding=\"async\" width=\"1793\" height=\"514\" src=\"https:\/\/elbitdynamics.com\/fr\/wp-content\/uploads\/2021\/03\/ls-slider-25-slide-1.jpg\" class=\"ls-tn\" alt=\"\" srcset=\"https:\/\/elbitdynamics.com\/fr\/wp-content\/uploads\/2021\/03\/ls-slider-25-slide-1.jpg 1793w, https:\/\/elbitdynamics.com\/fr\/wp-content\/uploads\/2021\/03\/ls-slider-25-slide-1-1280x367.jpg 1280w, https:\/\/elbitdynamics.com\/fr\/wp-content\/uploads\/2021\/03\/ls-slider-25-slide-1-980x281.jpg 980w, https:\/\/elbitdynamics.com\/fr\/wp-content\/uploads\/2021\/03\/ls-slider-25-slide-1-480x138.jpg 480w\" sizes=\"auto, (min-width: 0px) and (max-width: 480px) 480px, (min-width: 481px) and (max-width: 980px) 980px, (min-width: 981px) and (max-width: 1280px) 1280px, (min-width: 1281px) 1793px, 100vw\" \/><p style=\"top:245px;left:135px;font-weight:600;background-size:inherit;background-position:inherit;font-size:50px;color:#ffffff;\" class=\"ls-l\">Nous contacter<\/p><\/div><\/div>[\/et_pb_fullwidth_code][\/et_pb_section][et_pb_section fb_built=&#8221;1&#8243; custom_padding_last_edited=&#8221;on|phone&#8221; disabled_on=&#8221;off|off|off&#8221; _builder_version=&#8221;4.9.2&#8243; _module_preset=&#8221;default&#8221; custom_padding=&#8221;40px||6px||false|false&#8221; custom_padding_tablet=&#8221;&#8221; custom_padding_phone=&#8221;30px||6px||false|false&#8221;][et_pb_row column_structure=&#8221;1_2,1_2&#8243; use_custom_gutter=&#8221;on&#8221; gutter_width=&#8221;2&#8243; make_equal=&#8221;on&#8221; custom_padding_last_edited=&#8221;on|phone&#8221; _builder_version=&#8221;4.9.2&#8243; _module_preset=&#8221;default&#8221; width=&#8221;95%&#8221; max_width=&#8221;100%&#8221; custom_margin_tablet=&#8221;&#8221; custom_margin_phone=&#8221;0px||||false|false&#8221; custom_margin_last_edited=&#8221;on|phone&#8221; custom_padding=&#8221;||||false|false&#8221; custom_padding_tablet=&#8221;&#8221; custom_padding_phone=&#8221;0px||||false|false&#8221;][et_pb_column type=&#8221;1_2&#8243; _builder_version=&#8221;4.9.2&#8243; _module_preset=&#8221;default&#8221; background_color=&#8221;#f1f1f1&#8243;][et_pb_text disabled_on=&#8221;on|off|off&#8221; _builder_version=&#8221;4.9.4&#8243; _module_preset=&#8221;default&#8221; text_text_color=&#8221;#052c4d&#8221; text_font_size=&#8221;22px&#8221; text_line_height=&#8221;1.5em&#8221; custom_margin=&#8221;||0px||false|false&#8221; custom_padding=&#8221;30px|3.3vw|15px|3.3vw|false|true&#8221;]<\/p>\n<p>Voulez-vous nous contacter ? Remplissez simplement le formulaire et un membre de notre \u00e9quipe mondiale vous r\u00e9pondra.<\/p>\n<p>[\/et_pb_text][et_pb_text disabled_on=&#8221;off|on|on&#8221; _builder_version=&#8221;4.9.4&#8243; _module_preset=&#8221;default&#8221; text_text_color=&#8221;#052c4d&#8221; text_font_size=&#8221;16px&#8221; text_orientation=&#8221;center&#8221; custom_padding=&#8221;30px||||false|true&#8221;]<\/p>\n<p>Voulez-vous nous contacter ?<br \/>Remplissez simplement le <br \/>formulaire et un membre de <br \/>notre \u00e9quipe mondiale vous r\u00e9pondra.<\/p>\n<p>[\/et_pb_text][et_pb_kkcomplex_form form_id=&#8221;cv-form&#8221; email=&#8221;Info@elbitdynamics.com&#8221; captcha=&#8221;off&#8221; subbutton_text=&#8221;Nous contacter&#8221; success_msg=&#8221;<\/p>\n<p>merci \ud83d\ude42<\/p>\n<p>&#8221; show_labels=&#8221;off&#8221; form_background_color=&#8221;RGBA(0,0,0,0)&#8221; _builder_version=&#8221;4.9.4&#8243; _module_preset=&#8221;default&#8221; title_text_color=&#8221;#052c4d&#8221; title_font_size=&#8221;22px&#8221; form_labels_text_color=&#8221;#005cab&#8221; success_text_color=&#8221;#ffcc05&#8243; fielderrmsg_font_size=&#8221;12px&#8221; fieldplcholder_text_color=&#8221;#005cab&#8221; background_enable_color=&#8221;off&#8221; custom_button=&#8221;on&#8221; button_text_color=&#8221;#FFFFFF&#8221; button_bg_color=&#8221;#005cab&#8221; button_border_color=&#8221;#ffcc05&#8243; button_border_radius=&#8221;25px&#8221; button_custom_margin=&#8221;||||false|false&#8221; button_custom_margin_tablet=&#8221;&#8221; button_custom_margin_phone=&#8221;||||false|false&#8221; button_custom_margin_last_edited=&#8221;on|phone&#8221; hover_enabled=&#8221;0&#8243; title_text_align_tablet=&#8221;&#8221; title_text_align_phone=&#8221;center&#8221; title_text_align_last_edited=&#8221;on|phone&#8221; title_font_size_tablet=&#8221;&#8221; title_font_size_phone=&#8221;16px&#8221; title_font_size_last_edited=&#8221;on|desktop&#8221; title_line_height_tablet=&#8221;&#8221; title_line_height_phone=&#8221;1em&#8221; title_line_height_last_edited=&#8221;on|phone&#8221; custom_css_main_element=&#8221;padding-top: 10px;||padding-right: 4vw;||padding-left: 4vw;||&#8221; custom_css_contact_button=&#8221;margin-top: 1vh;&#8221; border_width_bottom_fields=&#8221;1px&#8221; border_color_bottom_fields=&#8221;#005cab&#8221; custom_css_contact_button_last_edited=&#8221;on|desktop&#8221; custom_css_contact_button_phone=&#8221;margin-top: 0px;||margin-right: 28%;&#8221; custom_css_main_element_last_edited=&#8221;on|phone&#8221; custom_css_main_element_phone=&#8221;padding-top: 0px;||padding-right: 4vw;||padding-left: 4vw;&#8221; button_text_color__hover_enabled=&#8221;on|hover&#8221; button_text_color__hover=&#8221;#003058&#8243; button_bg_color__hover_enabled=&#8221;on|hover&#8221; button_bg_color__hover=&#8221;#FFCC05&#8243; button_bg_enable_color__hover=&#8221;on&#8221; sticky_enabled=&#8221;0&#8243;][et_pb_kkcompform_field field_type=&#8221;text&#8221; field_title=&#8221;Pr\u00e9nom&#8221; field_id=&#8221;fname&#8221; tab_label=&#8221;First Name&#8221; half_col=&#8221;on&#8221; required=&#8221;on&#8221; reqd_txt=&#8221;*&#8221; _builder_version=&#8221;4.9.4&#8243; _module_preset=&#8221;default&#8221;][\/et_pb_kkcompform_field][et_pb_kkcompform_field field_type=&#8221;text&#8221; field_title=&#8221;Nom de famille&#8221; field_id=&#8221;lname&#8221; tab_label=&#8221;Last Name&#8221; half_col=&#8221;on&#8221; required=&#8221;on&#8221; reqd_txt=&#8221;*&#8221; _builder_version=&#8221;4.9.4&#8243; _module_preset=&#8221;default&#8221; hover_enabled=&#8221;0&#8243; sticky_enabled=&#8221;0&#8243;][\/et_pb_kkcompform_field][et_pb_kkcompform_field field_type=&#8221;email&#8221; field_title=&#8221;E-mail de travail&#8221; field_id=&#8221;email&#8221; tab_label=&#8221;Email&#8221; required=&#8221;on&#8221; reqd_txt=&#8221;*&#8221; _builder_version=&#8221;4.9.4&#8243; _module_preset=&#8221;default&#8221;][\/et_pb_kkcompform_field][et_pb_kkcompform_field field_type=&#8221;text&#8221; field_title=&#8221;Nom de l\u2019entreprise&#8221; field_id=&#8221;company&#8221; tab_label=&#8221;Company Name&#8221; _builder_version=&#8221;4.9.4&#8243; _module_preset=&#8221;default&#8221;][\/et_pb_kkcompform_field][et_pb_kkcompform_field field_type=&#8221;num&#8221; field_title=&#8221;Num\u00e9ro de t\u00e9l\u00e9phone&#8221; field_id=&#8221;phone&#8221; tab_label=&#8221;Phone Number&#8221; required=&#8221;on&#8221; reqd_txt=&#8221;*&#8221; _builder_version=&#8221;4.9.4&#8243; _module_preset=&#8221;default&#8221;][\/et_pb_kkcompform_field][et_pb_kkcompform_field field_type=&#8221;text&#8221; field_title=&#8221;Pays&#8221; field_id=&#8221;country&#8221; tab_label=&#8221;Country&#8221; _builder_version=&#8221;4.9.4&#8243; _module_preset=&#8221;default&#8221;][\/et_pb_kkcompform_field][et_pb_kkcompform_field field_type=&#8221;textarea&#8221; field_title=&#8221;Votre message:&#8221; field_id=&#8221;message&#8221; tab_label=&#8221;Your Message:&#8221; _builder_version=&#8221;4.9.4&#8243; _module_preset=&#8221;default&#8221;][\/et_pb_kkcompform_field][\/et_pb_kkcomplex_form][et_pb_text _builder_version=&#8221;4.9.2&#8243; _module_preset=&#8221;default&#8221; background_color=&#8221;#005cab&#8221; z_index=&#8221;-1&#8243; height=&#8221;101px&#8221; custom_margin=&#8221;-122px||||false|false&#8221;][\/et_pb_text][\/et_pb_column][et_pb_column type=&#8221;1_2&#8243; _builder_version=&#8221;4.9.2&#8243; _module_preset=&#8221;default&#8221;][et_pb_text disabled_on=&#8221;on|off|off&#8221; _builder_version=&#8221;4.9.4&#8243; _module_preset=&#8221;default&#8221; text_font_size=&#8221;22px&#8221; text_line_height=&#8221;1.5em&#8221; background_color=&#8221;#f1f1f1&#8243; custom_margin=&#8221;||55px||false|false&#8221; custom_padding=&#8221;30px|46px|30px|46px|true|true&#8221;]<\/p>\n<p><strong>Kigali \u2013 Rwanda<br \/><\/strong>Boulevard de L\u2019Umuganda KG 624 ST, Bodifa House \u200e\u200e7th floor, 7189<\/p>\n<p><strong>G\u00e9n\u00e9ral\u00a0:<\/strong>\u00a0<span><a href=\"mailto:Info@elbitdynamics.com\">Info@elbitdynamics.com<\/a><br \/><strong>Ventes\u00a0:\u00a0<\/strong><a href=\"mailto:marketing@elbitdynamics.com\u200e\">Marketing@elbitdynamics.com\u200e<\/a><br \/><strong>Assistance technique :<\/strong>\u00a0<a href=\"mailto:support@elbitdynamics.com\">support@elbitdynamics.com<\/a><\/span><\/p>\n<p>[\/et_pb_text][et_pb_image src=&#8221;https:\/\/elbitdynamics.com\/fr\/wp-content\/uploads\/2021\/03\/contactusImg.jpg&#8221; title_text=&#8221;contactusImg&#8221; disabled_on=&#8221;on|off|off&#8221; _builder_version=&#8221;4.9.2&#8243; _module_preset=&#8221;default&#8221;][\/et_pb_image][\/et_pb_column][\/et_pb_row][et_pb_row use_custom_gutter=&#8221;on&#8221; gutter_width=&#8221;2&#8243; make_equal=&#8221;on&#8221; custom_padding_last_edited=&#8221;on|phone&#8221; _builder_version=&#8221;4.9.2&#8243; _module_preset=&#8221;default&#8221; width=&#8221;95%&#8221; max_width=&#8221;100%&#8221; custom_margin_tablet=&#8221;&#8221; custom_margin_phone=&#8221;0px||||false|false&#8221; custom_margin_last_edited=&#8221;on|phone&#8221; custom_padding=&#8221;||||false|false&#8221; custom_padding_tablet=&#8221;&#8221; custom_padding_phone=&#8221;0px||||false|false&#8221;][et_pb_column type=&#8221;4_4&#8243; _builder_version=&#8221;4.9.2&#8243; _module_preset=&#8221;default&#8221; background_color=&#8221;#f1f1f1&#8243;][et_pb_text disabled_on=&#8221;off|on|on&#8221; _builder_version=&#8221;4.9.4&#8243; _module_preset=&#8221;default&#8221; text_font_size=&#8221;16px&#8221; text_line_height=&#8221;1.5em&#8221; background_color=&#8221;#f1f1f1&#8243; custom_margin=&#8221;||55px||false|false&#8221; custom_padding=&#8221;46px|20px|46px|20px|true|true&#8221;]<\/p>\n<p><strong>Kigali \u2013 Rwanda<br \/><\/strong>Boulevard de L\u2019Umuganda KG 624 ST, Bodifa House \u200e\u200e7th floor, 7189<\/p>\n<p><strong>G\u00e9n\u00e9ral\u00a0:<\/strong>\u00a0<span><a href=\"mailto:Info@elbitdynamics.com\">Info@elbitdynamics.com<\/a><br \/><strong>Ventes\u00a0:\u00a0<\/strong><a href=\"mailto:marketing@elbitdynamics.com\u200e\">Marketing@elbitdynamics.com\u200e<\/a><br \/><strong>Assistance technique :<\/strong>\u00a0<a href=\"mailto:support@elbitdynamics.com\">support@elbitdynamics.com<\/a><\/span><\/p>\n<p>[\/et_pb_text][et_pb_image src=&#8221;https:\/\/elbitdynamics.com\/fr\/wp-content\/uploads\/2021\/03\/contactusImgM.jpg&#8221; title_text=&#8221;contactusImgM&#8221; disabled_on=&#8221;off|on|on&#8221; _builder_version=&#8221;4.9.2&#8243; _module_preset=&#8221;default&#8221;][\/et_pb_image][\/et_pb_column][\/et_pb_row][\/et_pb_section]<\/p>\n","protected":false},"excerpt":{"rendered":"<p><script type=\"text\/javascript\">jQuery(function() { _initLayerSlider( '#layerslider_25_152vy01xarrn8', {createdWith: '6.11.6', sliderVersion: '6.11.8', skin: 'v6', navPrevNext: false, hoverPrevNext: false, navStartStop: false, navButtons: false, showCircleTimer: false, skinsPath: 'https:\/\/elbitdynamics.com\/fr\/wp-content\/plugins\/LayerSlider\/assets\/static\/layerslider\/skins\/'}); });<\/script><div id=\"layerslider_25_152vy01xarrn8\" class=\"ls-wp-container fitvidsignore\" style=\"width:1920px;height:550px;margin:0 auto;margin-bottom: 0px;\"><div class=\"ls-slide\" data-ls=\"kenburnsscale:1.2;\"><img loading=\"lazy\" width=\"1920\" height=\"550\" src=\"https:\/\/elbitdynamics.com\/fr\/wp-content\/uploads\/2021\/03\/teamTopBanner.jpg\" class=\"ls-bg\" alt=\"\" decoding=\"async\" srcset=\"https:\/\/elbitdynamics.com\/fr\/wp-content\/uploads\/2021\/03\/teamTopBanner.jpg 1920w, https:\/\/elbitdynamics.com\/fr\/wp-content\/uploads\/2021\/03\/teamTopBanner-1280x367.jpg 1280w, https:\/\/elbitdynamics.com\/fr\/wp-content\/uploads\/2021\/03\/teamTopBanner-980x281.jpg 980w, https:\/\/elbitdynamics.com\/fr\/wp-content\/uploads\/2021\/03\/teamTopBanner-480x138.jpg 480w\" sizes=\"auto, (min-width: 0px) and (max-width: 480px) 480px, (min-width: 481px) and (max-width: 980px) 980px, (min-width: 981px) and (max-width: 1280px) 1280px, (min-width: 1281px) 1920px, 100vw\" \/><img loading=\"lazy\" width=\"1793\" height=\"514\" src=\"https:\/\/elbitdynamics.com\/fr\/wp-content\/uploads\/2021\/03\/ls-slider-25-slide-1.jpg\" class=\"ls-tn\" alt=\"\" decoding=\"async\" srcset=\"https:\/\/elbitdynamics.com\/fr\/wp-content\/uploads\/2021\/03\/ls-slider-25-slide-1.jpg 1793w, https:\/\/elbitdynamics.com\/fr\/wp-content\/uploads\/2021\/03\/ls-slider-25-slide-1-1280x367.jpg 1280w, https:\/\/elbitdynamics.com\/fr\/wp-content\/uploads\/2021\/03\/ls-slider-25-slide-1-980x281.jpg 980w, https:\/\/elbitdynamics.com\/fr\/wp-content\/uploads\/2021\/03\/ls-slider-25-slide-1-480x138.jpg 480w\" sizes=\"auto, (min-width: 0px) and (max-width: 480px) 480px, (min-width: 481px) and (max-width: 980px) 980px, (min-width: 981px) and (max-width: 1280px) 1280px, (min-width: 1281px) 1793px, 100vw\" \/><p style=\"top:245px;left:135px;font-weight:600;background-size:inherit;background-position:inherit;font-size:50px;color:#ffffff;\" class=\"ls-l\">Nous contacter<\/p><\/div><\/div>Voulez-vous nous contacter ? Remplissez simplement le formulaire et un membre de notre \u00e9quipe mondiale vous r\u00e9pondra.Voulez-vous nous contacter ?Remplissez simplement le formulaire et un membre de notre \u00e9quipe mondiale vous r\u00e9pondra.Kigali \u2013 RwandaBoulevard de L\u2019Umuganda KG 624 ST, Bodifa House \u200e\u200e7th floor, 7189 G\u00e9n\u00e9ral\u00a0:\u00a0Info@elbitdynamics.comVentes\u00a0:\u00a0Marketing@elbitdynamics.com\u200eAssistance technique :\u00a0support@elbitdynamics.comKigali \u2013 RwandaBoulevard de L\u2019Umuganda KG 624 ST, [&hellip;]<\/p>\n","protected":false},"author":1,"featured_media":0,"parent":0,"menu_order":0,"comment_status":"closed","ping_status":"closed","template":"","meta":{"_et_pb_use_builder":"on","_et_pb_old_content":"","_et_gb_content_width":"","footnotes":""},"class_list":["post-26","page","type-page","status-publish","hentry"],"_links":{"self":[{"href":"https:\/\/elbitdynamics.com\/fr\/wp-json\/wp\/v2\/pages\/26","targetHints":{"allow":["GET"]}}],"collection":[{"href":"https:\/\/elbitdynamics.com\/fr\/wp-json\/wp\/v2\/pages"}],"about":[{"href":"https:\/\/elbitdynamics.com\/fr\/wp-json\/wp\/v2\/types\/page"}],"author":[{"embeddable":true,"href":"https:\/\/elbitdynamics.com\/fr\/wp-json\/wp\/v2\/users\/1"}],"replies":[{"embeddable":true,"href":"https:\/\/elbitdynamics.com\/fr\/wp-json\/wp\/v2\/comments?post=26"}],"version-history":[{"count":39,"href":"https:\/\/elbitdynamics.com\/fr\/wp-json\/wp\/v2\/pages\/26\/revisions"}],"predecessor-version":[{"id":1654,"href":"https:\/\/elbitdynamics.com\/fr\/wp-json\/wp\/v2\/pages\/26\/revisions\/1654"}],"wp:attachment":[{"href":"https:\/\/elbitdynamics.com\/fr\/wp-json\/wp\/v2\/media?parent=26"}],"curies":[{"name":"wp","href":"https:\/\/api.w.org\/{rel}","templated":true}]}}