{"id":44,"date":"2021-03-11T14:50:56","date_gmt":"2021-03-11T12:50:56","guid":{"rendered":"https:\/\/elbitdynamics.com\/fr\/?page_id=44"},"modified":"2021-04-29T14:52:51","modified_gmt":"2021-04-29T11:52:51","slug":"our-team","status":"publish","type":"page","link":"https:\/\/elbitdynamics.com\/fr\/our-team\/","title":{"rendered":"Our team"},"content":{"rendered":"<p>[et_pb_section fb_built=&#8221;1&#8243; fullwidth=&#8221;on&#8221; _builder_version=&#8221;4.9.2&#8243; _module_preset=&#8221;default&#8221;][et_pb_fullwidth_code raw_content_tablet=&#8221;&#8221; raw_content_phone=&#8221;%91layerslider id=%2222%22%93&#8243; raw_content_last_edited=&#8221;on|desktop&#8221; _builder_version=&#8221;4.9.2&#8243; _module_preset=&#8221;default&#8221; custom_margin=&#8221;97px||||false|false&#8221; custom_margin_tablet=&#8221;&#8221; custom_margin_phone=&#8221;105px||||false|false&#8221; custom_margin_last_edited=&#8221;on|phone&#8221;]<script type=\"text\/javascript\">jQuery(function() { _initLayerSlider( '#layerslider_21_lrmu9jbng088', {createdWith: '6.11.6', sliderVersion: '6.11.8', skin: 'v6', navPrevNext: false, hoverPrevNext: false, navStartStop: false, navButtons: false, showCircleTimer: false, skinsPath: 'https:\/\/elbitdynamics.com\/fr\/wp-content\/plugins\/LayerSlider\/assets\/static\/layerslider\/skins\/'}); });<\/script><div id=\"layerslider_21_lrmu9jbng088\" class=\"ls-wp-container fitvidsignore\" style=\"width:1920px;height:550px;margin:0 auto;margin-bottom: 0px;\"><div class=\"ls-slide\" data-ls=\"kenburnsscale:1.2;\"><img loading=\"lazy\" decoding=\"async\" width=\"1920\" height=\"550\" src=\"https:\/\/elbitdynamics.com\/fr\/wp-content\/uploads\/2021\/03\/teamTopBanner.jpg\" class=\"ls-bg\" alt=\"\" srcset=\"https:\/\/elbitdynamics.com\/fr\/wp-content\/uploads\/2021\/03\/teamTopBanner.jpg 1920w, https:\/\/elbitdynamics.com\/fr\/wp-content\/uploads\/2021\/03\/teamTopBanner-1280x367.jpg 1280w, https:\/\/elbitdynamics.com\/fr\/wp-content\/uploads\/2021\/03\/teamTopBanner-980x281.jpg 980w, https:\/\/elbitdynamics.com\/fr\/wp-content\/uploads\/2021\/03\/teamTopBanner-480x138.jpg 480w\" sizes=\"auto, (min-width: 0px) and (max-width: 480px) 480px, (min-width: 481px) and (max-width: 980px) 980px, (min-width: 981px) and (max-width: 1280px) 1280px, (min-width: 1281px) 1920px, 100vw\" \/><img loading=\"lazy\" decoding=\"async\" width=\"1793\" height=\"514\" src=\"https:\/\/elbitdynamics.com\/fr\/wp-content\/uploads\/2021\/03\/ls-slider-21-slide-1.jpg\" class=\"ls-tn\" alt=\"\" srcset=\"https:\/\/elbitdynamics.com\/fr\/wp-content\/uploads\/2021\/03\/ls-slider-21-slide-1.jpg 1793w, https:\/\/elbitdynamics.com\/fr\/wp-content\/uploads\/2021\/03\/ls-slider-21-slide-1-1280x367.jpg 1280w, https:\/\/elbitdynamics.com\/fr\/wp-content\/uploads\/2021\/03\/ls-slider-21-slide-1-980x281.jpg 980w, https:\/\/elbitdynamics.com\/fr\/wp-content\/uploads\/2021\/03\/ls-slider-21-slide-1-480x138.jpg 480w\" sizes=\"auto, (min-width: 0px) and (max-width: 480px) 480px, (min-width: 481px) and (max-width: 980px) 980px, (min-width: 981px) and (max-width: 1280px) 1280px, (min-width: 1281px) 1793px, 100vw\" \/><p style=\"top:245px;left:135px;font-weight:600;background-size:inherit;background-position:inherit;font-size:50px;color:#ffffff;\" class=\"ls-l\">Notre &eacute;quipe dirigeante<\/p><\/div><\/div>[\/et_pb_fullwidth_code][\/et_pb_section][et_pb_section fb_built=&#8221;1&#8243; disabled_on=&#8221;on|off|off&#8221; _builder_version=&#8221;4.9.2&#8243; _module_preset=&#8221;default&#8221; custom_padding=&#8221;40px||6px||false|false&#8221;][et_pb_row column_structure=&#8221;1_2,1_2&#8243; use_custom_gutter=&#8221;on&#8221; gutter_width=&#8221;2&#8243; make_equal=&#8221;on&#8221; _builder_version=&#8221;4.9.2&#8243; _module_preset=&#8221;default&#8221; width=&#8221;75%&#8221; max_width=&#8221;100%&#8221; height=&#8221;838px&#8221;][et_pb_column type=&#8221;1_2&#8243; _builder_version=&#8221;4.9.2&#8243; _module_preset=&#8221;default&#8221;][et_pb_blurb title=&#8221;Regis Ngenzi&#8221; image=&#8221;https:\/\/elbitdynamics.com\/fr\/wp-content\/uploads\/2021\/03\/regis.png&#8221; icon_placement=&#8221;left&#8221; image_max_width=&#8221;265px&#8221; _builder_version=&#8221;4.9.4&#8243; _module_preset=&#8221;default&#8221; header_font=&#8221;|700|||||||&#8221; header_text_color=&#8221;#005cab&#8221; header_font_size=&#8221;30px&#8221; body_text_color=&#8221;#052c4d&#8221; body_font_size=&#8221;22px&#8221; background_color=&#8221;#f1f1f1&#8243; width=&#8221;650px&#8221; custom_margin=&#8221;||0px||false|false&#8221; custom_padding=&#8221;63px||60px||false|false&#8221; custom_css_blurb_title=&#8221;padding-top: 7vh;&#8221;]<\/p>\n<p>DT<\/p>\n<p><a href=\"https:\/\/www.linkedin.com\/in\/ngenzi-regis\/\" target=\"_blank\" rel=\"noopener\"><img loading=\"lazy\" decoding=\"async\" src=\"https:\/\/elbitdynamics.com\/fr\/wp-content\/uploads\/2021\/03\/linkedinIcon.svg\" width=\"39\" height=\"39\" alt=\"\" class=\"wp-image-624 alignnone size-full\" srcset=\"https:\/\/elbitdynamics.com\/fr\/wp-content\/uploads\/2021\/03\/linkedinIcon.svg 39w, https:\/\/elbitdynamics.com\/fr\/wp-content\/uploads\/2021\/03\/linkedinIcon.svg 0w\" sizes=\"auto, (min-width: 0px) and (max-width: 0px) 0px, (min-width: 1px) 39px, 100vw\" \/><\/a><\/p>\n<p>[\/et_pb_blurb][et_pb_text _builder_version=&#8221;4.9.4&#8243; _module_preset=&#8221;default&#8221; text_line_height=&#8221;1.5em&#8221; background_color=&#8221;#f1f1f1&#8243; width=&#8221;650px&#8221; height=&#8221;400px&#8221; custom_margin=&#8221;0px||||false|false&#8221; custom_padding=&#8221;0px|2.8vw||2.8vw|false|true&#8221;]Regis Ngenzi est ing\u00e9nieur en m\u00e9canique et poss\u00e8de une riche exp\u00e9rience en mati\u00e8re de gestion de projets et d&#8217;op\u00e9rations dans les domaines des technologies de l&#8217;information, de l&#8217;exploration min\u00e9rale, de l&#8217;exploitation et de l&#8217;extraction mini\u00e8re, de l&#8217;a\u00e9rospatial, de l&#8217;automobile et de l&#8217;\u00e9nergie, entre autres. Parlant l&#8217;anglais et le fran\u00e7ais, et ayant fait ses \u00e9tudes sup\u00e9rieures en France, Regis a \u00e9t\u00e9 expos\u00e9 \u00e0 la fois \u00e0 la culturelle europ\u00e9enne et \u00e0 celle de la r\u00e9gion de l&#8217;Afrique de l&#8217;Est.[\/et_pb_text][\/et_pb_column][et_pb_column type=&#8221;1_2&#8243; _builder_version=&#8221;4.9.2&#8243; _module_preset=&#8221;default&#8221;][et_pb_blurb title=&#8221;Yoav Harel&#8221; image=&#8221;https:\/\/elbitdynamics.com\/fr\/wp-content\/uploads\/2021\/03\/yoav.png&#8221; icon_placement=&#8221;left&#8221; image_max_width=&#8221;265px&#8221; _builder_version=&#8221;4.9.4&#8243; _module_preset=&#8221;default&#8221; header_font=&#8221;|700|||||||&#8221; header_text_color=&#8221;#005cab&#8221; header_font_size=&#8221;30px&#8221; body_text_color=&#8221;#052c4d&#8221; body_font_size=&#8221;22px&#8221; background_color=&#8221;#f1f1f1&#8243; width=&#8221;650px&#8221; custom_margin=&#8221;||0px||false|false&#8221; custom_padding=&#8221;63px||60px||false|false&#8221; custom_css_blurb_title=&#8221;padding-top: 7vh;&#8221;]<\/p>\n<p>Directeur<\/p>\n<p><a href=\"https:\/\/www.linkedin.com\/in\/sebera-sankara-12493744\/\" target=\"_blank\" rel=\"noopener\"><\/a><\/p>\n<p>[\/et_pb_blurb][et_pb_text _builder_version=&#8221;4.9.4&#8243; _module_preset=&#8221;default&#8221; text_line_height=&#8221;1.5em&#8221; background_color=&#8221;#f1f1f1&#8243; width=&#8221;650px&#8221; height=&#8221;400px&#8221; custom_margin=&#8221;0px||||false|false&#8221; custom_padding=&#8221;0px|2.8vw||2.8vw|false|true&#8221; hover_enabled=&#8221;0&#8243; sticky_enabled=&#8221;0&#8243;]Yoav Harel occupe le poste de Vice-pr\u00e9sident chez Elbit C<span style=\"font-size: 12px;\"><sup>4<\/sup><\/span>I and Cyber et est le responsable de Cyber Intelligence BU. M. Harel cumule plus de 25 ann\u00e9es d&#8217;exp\u00e9rience en tant que cadre sup\u00e9rieur dans des op\u00e9rations mondiales pour diverses industries. Il jouit par ailleurs d\u2019une exp\u00e9rience approfondie dans la livraison, le marketing et la vente de solutions logicielles, mat\u00e9rielles et de syst\u00e8mes multidisciplinaires. Avant de rejoindre Elbit, il a occup\u00e9 le poste de premier vice-pr\u00e9sident et de responsable juridique dans l&#8217;une des principales soci\u00e9t\u00e9s isra\u00e9liennes de cybers\u00e9curit\u00e9, qui fournit des solutions aux services de renseignement du monde entier.[\/et_pb_text][\/et_pb_column][\/et_pb_row][\/et_pb_section][et_pb_section fb_built=&#8221;1&#8243; disabled_on=&#8221;off|on|on&#8221; _builder_version=&#8221;4.9.2&#8243; _module_preset=&#8221;default&#8221; custom_padding=&#8221;40px||6px||false|false&#8221;][et_pb_row column_structure=&#8221;1_2,1_2&#8243; _builder_version=&#8221;4.9.2&#8243; _module_preset=&#8221;default&#8221;][et_pb_column type=&#8221;1_2&#8243; _builder_version=&#8221;4.9.2&#8243; _module_preset=&#8221;default&#8221;][et_pb_blurb title=&#8221;Regis Ngenzi&#8221; image=&#8221;https:\/\/elbitdynamics.com\/fr\/wp-content\/uploads\/2021\/03\/regis.png&#8221; icon_placement=&#8221;left&#8221; image_max_width=&#8221;130px&#8221; _builder_version=&#8221;4.9.4&#8243; _module_preset=&#8221;default&#8221; header_font=&#8221;|700|||||||&#8221; header_text_color=&#8221;#005cab&#8221; header_font_size=&#8221;16px&#8221; body_text_color=&#8221;#052c4d&#8221; body_font_size=&#8221;16px&#8221; background_color=&#8221;#f1f1f1&#8243; width=&#8221;100%&#8221; custom_margin=&#8221;||0px||false|false&#8221; custom_padding=&#8221;63px||60px|4.27vw|false|false&#8221; custom_css_blurb_title=&#8221;padding-top: 2vh;&#8221;]<\/p>\n<p>DT<\/p>\n<p><a href=\"https:\/\/www.linkedin.com\/in\/ngenzi-regis\/\" target=\"_blank\" rel=\"noopener\"><img loading=\"lazy\" decoding=\"async\" src=\"https:\/\/elbitdynamics.com\/fr\/wp-content\/uploads\/2021\/03\/linkedinIcon.svg\" width=\"30\" height=\"30\" alt=\"\" class=\"wp-image-624 alignnone size-full\" srcset=\"https:\/\/elbitdynamics.com\/fr\/wp-content\/uploads\/2021\/03\/linkedinIcon.svg 30w, https:\/\/elbitdynamics.com\/fr\/wp-content\/uploads\/2021\/03\/linkedinIcon.svg 0w\" sizes=\"auto, (min-width: 0px) and (max-width: 0px) 0px, (min-width: 1px) 30px, 100vw\" \/><\/a><\/p>\n<p>[\/et_pb_blurb][et_pb_text _builder_version=&#8221;4.9.4&#8243; _module_preset=&#8221;default&#8221; text_font_size=&#8221;14px&#8221; text_line_height=&#8221;1.5em&#8221; background_color=&#8221;#f1f1f1&#8243; width=&#8221;100%&#8221; custom_margin=&#8221;0px||||false|false&#8221; custom_padding=&#8221;0px|4.27vw|100px|4.27vw|false|true&#8221;]Regis Ngenzi est ing\u00e9nieur en m\u00e9canique et poss\u00e8de une riche exp\u00e9rience en mati\u00e8re de gestion de projets et d&#8217;op\u00e9rations dans les domaines des technologies de l&#8217;information, de l&#8217;exploration min\u00e9rale, de l&#8217;exploitation et de l&#8217;extraction mini\u00e8re, de l&#8217;a\u00e9rospatial, de l&#8217;automobile et de l&#8217;\u00e9nergie, entre autres. Parlant l&#8217;anglais et le fran\u00e7ais, et ayant fait ses \u00e9tudes sup\u00e9rieures en France, Regis a \u00e9t\u00e9 expos\u00e9 \u00e0 la fois \u00e0 la culturelle europ\u00e9enne et \u00e0 celle de la r\u00e9gion de l&#8217;Afrique de l&#8217;Est.[\/et_pb_text][\/et_pb_column][et_pb_column type=&#8221;1_2&#8243; _builder_version=&#8221;4.9.2&#8243; _module_preset=&#8221;default&#8221;][et_pb_blurb title=&#8221;Yoav Harel&#8221; image=&#8221;https:\/\/elbitdynamics.com\/fr\/wp-content\/uploads\/2021\/03\/yoav.png&#8221; icon_placement=&#8221;left&#8221; image_max_width=&#8221;130px&#8221; _builder_version=&#8221;4.9.4&#8243; _module_preset=&#8221;default&#8221; header_font=&#8221;|700|||||||&#8221; header_text_color=&#8221;#005cab&#8221; header_font_size=&#8221;16px&#8221; body_text_color=&#8221;#052c4d&#8221; body_font_size=&#8221;16px&#8221; background_color=&#8221;#f1f1f1&#8243; width=&#8221;100%&#8221; custom_margin=&#8221;||0px||false|false&#8221; custom_padding=&#8221;63px||60px|4.27vw|false|false&#8221; custom_css_blurb_title=&#8221;padding-top: 2vh;&#8221;]<\/p>\n<p>Directeur<\/p>\n<p>&nbsp;<\/p>\n<p>[\/et_pb_blurb][et_pb_text _builder_version=&#8221;4.9.4&#8243; _module_preset=&#8221;default&#8221; text_font_size=&#8221;14px&#8221; text_line_height=&#8221;1.5em&#8221; background_color=&#8221;#f1f1f1&#8243; width=&#8221;100%&#8221; custom_margin=&#8221;0px||||false|false&#8221; custom_padding=&#8221;0px|4.27vw|100px|4.27vw|false|true&#8221; hover_enabled=&#8221;0&#8243; sticky_enabled=&#8221;0&#8243;]Yoav Harel occupe le poste de Vice-pr\u00e9sident chez Elbit C<span style=\"font-size: 12px;\"><sup>4<\/sup><\/span>I and Cyber et est le responsable de Cyber Intelligence BU. M. Harel cumule plus de 25 ann\u00e9es d&#8217;exp\u00e9rience en tant que cadre sup\u00e9rieur dans des op\u00e9rations mondiales pour diverses industries. Il jouit par ailleurs d\u2019une exp\u00e9rience approfondie dans la livraison, le marketing et la vente de solutions logicielles, mat\u00e9rielles et de syst\u00e8mes multidisciplinaires. Avant de rejoindre Elbit, il a occup\u00e9 le poste de premier vice-pr\u00e9sident et de responsable juridique dans l&#8217;une des principales soci\u00e9t\u00e9s isra\u00e9liennes de cybers\u00e9curit\u00e9, qui fournit des solutions aux services de renseignement du monde entier.[\/et_pb_text][\/et_pb_column][\/et_pb_row][\/et_pb_section]<\/p>\n","protected":false},"excerpt":{"rendered":"<p><script type=\"text\/javascript\">jQuery(function() { _initLayerSlider( '#layerslider_21_11rkt59q2vxun', {createdWith: '6.11.6', sliderVersion: '6.11.8', skin: 'v6', navPrevNext: false, hoverPrevNext: false, navStartStop: false, navButtons: false, showCircleTimer: false, skinsPath: 'https:\/\/elbitdynamics.com\/fr\/wp-content\/plugins\/LayerSlider\/assets\/static\/layerslider\/skins\/'}); });<\/script><div id=\"layerslider_21_11rkt59q2vxun\" class=\"ls-wp-container fitvidsignore\" style=\"width:1920px;height:550px;margin:0 auto;margin-bottom: 0px;\"><div class=\"ls-slide\" data-ls=\"kenburnsscale:1.2;\"><img loading=\"lazy\" width=\"1920\" height=\"550\" src=\"https:\/\/elbitdynamics.com\/fr\/wp-content\/uploads\/2021\/03\/teamTopBanner.jpg\" class=\"ls-bg\" alt=\"\" decoding=\"async\" srcset=\"https:\/\/elbitdynamics.com\/fr\/wp-content\/uploads\/2021\/03\/teamTopBanner.jpg 1920w, https:\/\/elbitdynamics.com\/fr\/wp-content\/uploads\/2021\/03\/teamTopBanner-1280x367.jpg 1280w, https:\/\/elbitdynamics.com\/fr\/wp-content\/uploads\/2021\/03\/teamTopBanner-980x281.jpg 980w, https:\/\/elbitdynamics.com\/fr\/wp-content\/uploads\/2021\/03\/teamTopBanner-480x138.jpg 480w\" sizes=\"auto, (min-width: 0px) and (max-width: 480px) 480px, (min-width: 481px) and (max-width: 980px) 980px, (min-width: 981px) and (max-width: 1280px) 1280px, (min-width: 1281px) 1920px, 100vw\" \/><img loading=\"lazy\" width=\"1793\" height=\"514\" src=\"https:\/\/elbitdynamics.com\/fr\/wp-content\/uploads\/2021\/03\/ls-slider-21-slide-1.jpg\" class=\"ls-tn\" alt=\"\" decoding=\"async\" srcset=\"https:\/\/elbitdynamics.com\/fr\/wp-content\/uploads\/2021\/03\/ls-slider-21-slide-1.jpg 1793w, https:\/\/elbitdynamics.com\/fr\/wp-content\/uploads\/2021\/03\/ls-slider-21-slide-1-1280x367.jpg 1280w, https:\/\/elbitdynamics.com\/fr\/wp-content\/uploads\/2021\/03\/ls-slider-21-slide-1-980x281.jpg 980w, https:\/\/elbitdynamics.com\/fr\/wp-content\/uploads\/2021\/03\/ls-slider-21-slide-1-480x138.jpg 480w\" sizes=\"auto, (min-width: 0px) and (max-width: 480px) 480px, (min-width: 481px) and (max-width: 980px) 980px, (min-width: 981px) and (max-width: 1280px) 1280px, (min-width: 1281px) 1793px, 100vw\" \/><p style=\"top:245px;left:135px;font-weight:600;background-size:inherit;background-position:inherit;font-size:50px;color:#ffffff;\" class=\"ls-l\">Notre &eacute;quipe dirigeante<\/p><\/div><\/div>DT Regis Ngenzi est ing\u00e9nieur en m\u00e9canique et poss\u00e8de une riche exp\u00e9rience en mati\u00e8re de gestion de projets et d&#8217;op\u00e9rations dans les domaines des technologies de l&#8217;information, de l&#8217;exploration min\u00e9rale, de l&#8217;exploitation et de l&#8217;extraction mini\u00e8re, de l&#8217;a\u00e9rospatial, de l&#8217;automobile et de l&#8217;\u00e9nergie, entre autres. Parlant l&#8217;anglais et le fran\u00e7ais, et ayant fait ses [&hellip;]<\/p>\n","protected":false},"author":1,"featured_media":0,"parent":0,"menu_order":0,"comment_status":"closed","ping_status":"closed","template":"","meta":{"_et_pb_use_builder":"on","_et_pb_old_content":"","_et_gb_content_width":"","footnotes":""},"class_list":["post-44","page","type-page","status-publish","hentry"],"_links":{"self":[{"href":"https:\/\/elbitdynamics.com\/fr\/wp-json\/wp\/v2\/pages\/44","targetHints":{"allow":["GET"]}}],"collection":[{"href":"https:\/\/elbitdynamics.com\/fr\/wp-json\/wp\/v2\/pages"}],"about":[{"href":"https:\/\/elbitdynamics.com\/fr\/wp-json\/wp\/v2\/types\/page"}],"author":[{"embeddable":true,"href":"https:\/\/elbitdynamics.com\/fr\/wp-json\/wp\/v2\/users\/1"}],"replies":[{"embeddable":true,"href":"https:\/\/elbitdynamics.com\/fr\/wp-json\/wp\/v2\/comments?post=44"}],"version-history":[{"count":23,"href":"https:\/\/elbitdynamics.com\/fr\/wp-json\/wp\/v2\/pages\/44\/revisions"}],"predecessor-version":[{"id":1629,"href":"https:\/\/elbitdynamics.com\/fr\/wp-json\/wp\/v2\/pages\/44\/revisions\/1629"}],"wp:attachment":[{"href":"https:\/\/elbitdynamics.com\/fr\/wp-json\/wp\/v2\/media?parent=44"}],"curies":[{"name":"wp","href":"https:\/\/api.w.org\/{rel}","templated":true}]}}