{"id":46,"date":"2021-03-11T14:51:16","date_gmt":"2021-03-11T12:51:16","guid":{"rendered":"https:\/\/elbitdynamics.com\/fr\/?page_id=46"},"modified":"2021-04-29T14:37:44","modified_gmt":"2021-04-29T11:37:44","slug":"join-us","status":"publish","type":"page","link":"https:\/\/elbitdynamics.com\/fr\/join-us\/","title":{"rendered":"Join us"},"content":{"rendered":"<p>[et_pb_section fb_built=&#8221;1&#8243; fullwidth=&#8221;on&#8221; _builder_version=&#8221;4.9.2&#8243; _module_preset=&#8221;default&#8221;][et_pb_fullwidth_code raw_content_tablet=&#8221;&#8221; raw_content_phone=&#8221;%91layerslider id=%2224%22%93&#8243; raw_content_last_edited=&#8221;on|phone&#8221; _builder_version=&#8221;4.9.2&#8243; _module_preset=&#8221;default&#8221; custom_margin=&#8221;9.1vh||||false|false&#8221; custom_margin_tablet=&#8221;&#8221; custom_margin_phone=&#8221;105px||||false|false&#8221; custom_margin_last_edited=&#8221;on|phone&#8221;]<script type=\"text\/javascript\">jQuery(function() { _initLayerSlider( '#layerslider_23_1xoh4o3vsedmv', {createdWith: '6.11.6', sliderVersion: '6.11.8', skin: 'v6', navPrevNext: false, hoverPrevNext: false, navStartStop: false, navButtons: false, showCircleTimer: false, skinsPath: 'https:\/\/elbitdynamics.com\/fr\/wp-content\/plugins\/LayerSlider\/assets\/static\/layerslider\/skins\/'}); });<\/script><div id=\"layerslider_23_1xoh4o3vsedmv\" class=\"ls-wp-container fitvidsignore\" style=\"width:1920px;height:550px;margin:0 auto;margin-bottom: 0px;\"><div class=\"ls-slide\" data-ls=\"kenburnsscale:1.2;\"><img loading=\"lazy\" decoding=\"async\" width=\"1920\" height=\"550\" src=\"https:\/\/elbitdynamics.com\/fr\/wp-content\/uploads\/2021\/03\/careersTopBanner.jpg\" class=\"ls-bg\" alt=\"\" srcset=\"https:\/\/elbitdynamics.com\/fr\/wp-content\/uploads\/2021\/03\/careersTopBanner.jpg 1920w, https:\/\/elbitdynamics.com\/fr\/wp-content\/uploads\/2021\/03\/careersTopBanner-1280x367.jpg 1280w, https:\/\/elbitdynamics.com\/fr\/wp-content\/uploads\/2021\/03\/careersTopBanner-980x281.jpg 980w, https:\/\/elbitdynamics.com\/fr\/wp-content\/uploads\/2021\/03\/careersTopBanner-480x138.jpg 480w\" sizes=\"auto, (min-width: 0px) and (max-width: 480px) 480px, (min-width: 481px) and (max-width: 980px) 980px, (min-width: 981px) and (max-width: 1280px) 1280px, (min-width: 1281px) 1920px, 100vw\" \/><img loading=\"lazy\" decoding=\"async\" width=\"1793\" height=\"514\" src=\"https:\/\/elbitdynamics.com\/fr\/wp-content\/uploads\/2021\/03\/ls-slider-23-slide-1.jpg\" class=\"ls-tn\" alt=\"\" srcset=\"https:\/\/elbitdynamics.com\/fr\/wp-content\/uploads\/2021\/03\/ls-slider-23-slide-1.jpg 1793w, https:\/\/elbitdynamics.com\/fr\/wp-content\/uploads\/2021\/03\/ls-slider-23-slide-1-1280x367.jpg 1280w, https:\/\/elbitdynamics.com\/fr\/wp-content\/uploads\/2021\/03\/ls-slider-23-slide-1-980x281.jpg 980w, https:\/\/elbitdynamics.com\/fr\/wp-content\/uploads\/2021\/03\/ls-slider-23-slide-1-480x138.jpg 480w\" sizes=\"auto, (min-width: 0px) and (max-width: 480px) 480px, (min-width: 481px) and (max-width: 980px) 980px, (min-width: 981px) and (max-width: 1280px) 1280px, (min-width: 1281px) 1793px, 100vw\" \/><p style=\"top:245px;left:135px;font-weight:600;background-size:inherit;background-position:inherit;font-size:50px;color:#ffffff;\" class=\"ls-l\">Carri&egrave;res<\/p><\/div><\/div>[\/et_pb_fullwidth_code][\/et_pb_section][et_pb_section fb_built=&#8221;1&#8243; disabled_on=&#8221;off|off|off&#8221; _builder_version=&#8221;4.9.2&#8243; _module_preset=&#8221;default&#8221; custom_padding=&#8221;30px||4px||false|false&#8221;][et_pb_row disabled_on=&#8221;on|off|off&#8221; _builder_version=&#8221;4.9.2&#8243; _module_preset=&#8221;default&#8221; width=&#8221;67vw&#8221; max_width=&#8221;100%&#8221; module_alignment=&#8221;left&#8221; custom_margin=&#8221;||||false|false&#8221; custom_padding=&#8221;|||7.2vw|false|false&#8221;][et_pb_column type=&#8221;4_4&#8243; _builder_version=&#8221;4.9.2&#8243; _module_preset=&#8221;default&#8221;][et_pb_text _builder_version=&#8221;4.9.4&#8243; _module_preset=&#8221;default&#8221; text_text_color=&#8221;#052c4d&#8221; text_line_height=&#8221;1.5em&#8221; header_2_font=&#8221;|700|||||||&#8221; header_2_font_size=&#8221;30px&#8221; width=&#8221;53vw&#8221; custom_margin=&#8221;||20px||false|false&#8221;]<\/p>\n<h2>Elbit Dynamics est en pleine croissance et nous sommes \u00e0 la recherche de personnes empreintes de l\u2019esprit d\u2019innovation, curieuses et capables de travailler en \u00e9quipe pour rejoindre notre \u00e9quipe de professionnels.<\/h2>\n<p>[\/et_pb_text][et_pb_text _builder_version=&#8221;4.9.4&#8243; _module_preset=&#8221;default&#8221; text_text_color=&#8221;#052c4d&#8221; text_line_height=&#8221;1.5em&#8221; header_2_font=&#8221;|700|||||||&#8221; header_2_font_size=&#8221;30px&#8221; width=&#8221;53vw&#8221;]<\/p>\n<p><strong>Travailler \u00e0 Elbit Dynamics<\/strong><\/p>\n<p>Elbit Dynamics est une \u00e9quipe mondiale d&#8217;experts dont la passion est de proposer des offres originales en mati\u00e8re de cybers\u00e9curit\u00e9 aux organisations gouvernementales et priv\u00e9es du monde entier. Nous travaillons dans un environnement dynamique, en pleine croissance et de start-up. Nous sommes convaincus que la v\u00e9ritable innovation na\u00eet du partage des id\u00e9es et de la collaboration. Nos bureaux sont toujours un bel exemple de professionnalisme, de diversit\u00e9, de cr\u00e9ativit\u00e9 et de bonne ambiance ![\/et_pb_text][\/et_pb_column][\/et_pb_row][\/et_pb_section][et_pb_section fb_built=&#8221;1&#8243; disabled_on=&#8221;off|off|off&#8221; _builder_version=&#8221;4.9.2&#8243; _module_preset=&#8221;default&#8221; custom_padding=&#8221;0px||4px||false|false&#8221;][et_pb_row disabled_on=&#8221;off|on|on&#8221; _builder_version=&#8221;4.9.2&#8243; _module_preset=&#8221;default&#8221; width=&#8221;95%&#8221; max_width=&#8221;100%&#8221;][et_pb_column type=&#8221;4_4&#8243; _builder_version=&#8221;4.9.2&#8243; _module_preset=&#8221;default&#8221;][et_pb_text _builder_version=&#8221;4.9.4&#8243; _module_preset=&#8221;default&#8221; text_text_color=&#8221;#052c4d&#8221; text_line_height=&#8221;1.5em&#8221; header_2_font=&#8221;|700|||||||&#8221; header_2_font_size=&#8221;16px&#8221; custom_margin=&#8221;||20px||false|false&#8221;]<\/p>\n<h2>Elbit Dynamics est en pleine croissance et nous sommes \u00e0 la recherche de personnes empreintes de l\u2019esprit d\u2019innovation, curieuses et capables de travailler en \u00e9quipe pour rejoindre notre \u00e9quipe de professionnels.<\/h2>\n<p>[\/et_pb_text][et_pb_text _builder_version=&#8221;4.9.4&#8243; _module_preset=&#8221;default&#8221; text_text_color=&#8221;#052c4d&#8221; text_font_size=&#8221;16px&#8221; text_line_height=&#8221;1.5em&#8221; header_2_font=&#8221;|700|||||||&#8221; header_2_font_size=&#8221;30px&#8221;]<\/p>\n<p><strong>Travailler \u00e0 Elbit Dynamics<\/strong><\/p>\n<p>Elbit Dynamics est une \u00e9quipe mondiale d&#8217;experts dont la passion est de proposer des offres originales en mati\u00e8re de cybers\u00e9curit\u00e9 aux organisations gouvernementales et priv\u00e9es du monde entier. Nous travaillons dans un environnement dynamique, en pleine croissance et de start-up. Nous sommes convaincus que la v\u00e9ritable innovation na\u00eet du partage des id\u00e9es et de la collaboration. Nos bureaux sont toujours un bel exemple de professionnalisme, de diversit\u00e9, de cr\u00e9ativit\u00e9 et de bonne ambiance ![\/et_pb_text][\/et_pb_column][\/et_pb_row][\/et_pb_section][et_pb_section fb_built=&#8221;1&#8243; disabled_on=&#8221;on|on|on&#8221; _builder_version=&#8221;4.9.4&#8243; _module_preset=&#8221;default&#8221; custom_padding=&#8221;0px||||false|false&#8221; hover_enabled=&#8221;0&#8243; disabled=&#8221;on&#8221; sticky_enabled=&#8221;0&#8243;][et_pb_row _builder_version=&#8221;4.9.2&#8243; _module_preset=&#8221;default&#8221; width=&#8221;67vw&#8221; max_width=&#8221;100%&#8221; module_alignment=&#8221;left&#8221; custom_margin=&#8221;||||false|false&#8221; custom_padding=&#8221;|||7.2vw|false|false&#8221;][et_pb_column type=&#8221;4_4&#8243; _builder_version=&#8221;4.9.2&#8243; _module_preset=&#8221;default&#8221;][et_pb_text _builder_version=&#8221;4.9.4&#8243; _module_preset=&#8221;default&#8221; header_2_font=&#8221;|700|||||||&#8221; header_2_text_color=&#8221;#052c4d&#8221; header_2_font_size=&#8221;22px&#8221; background_color=&#8221;#dbdbdb&#8221; custom_margin=&#8221;||10px||false|false&#8221; custom_padding=&#8221;10px|28px||28px|false|true&#8221;]<\/p>\n<h2>D\u00e9couvrez les postes \u00e0 pourvoir<\/h2>\n<p>[\/et_pb_text][et_pb_blog post_type=&#8221;careers&#8221; show_thumbnail=&#8221;off&#8221; use_manual_excerpt=&#8221;off&#8221; excerpt_length=&#8221;0&#8243; show_more=&#8221;on&#8221; show_author=&#8221;off&#8221; show_date=&#8221;off&#8221; show_excerpt=&#8221;off&#8221; _builder_version=&#8221;4.9.2&#8243; _module_preset=&#8221;default&#8221; header_text_color=&#8221;#052c4d&#8221; header_font_size=&#8221;22px&#8221; meta_text_color=&#8221;#052c4d&#8221; meta_font_size=&#8221;19px&#8221; read_more_text_color=&#8221;#005cab&#8221; read_more_font_size=&#8221;20px&#8221; read_more_line_height=&#8221;1.6em&#8221;][\/et_pb_blog][\/et_pb_column][\/et_pb_row][\/et_pb_section][et_pb_section fb_built=&#8221;1&#8243; disabled_on=&#8221;on|on|on&#8221; _builder_version=&#8221;4.9.4&#8243; _module_preset=&#8221;default&#8221; custom_padding=&#8221;0px||||false|false&#8221; disabled=&#8221;on&#8221;][et_pb_row _builder_version=&#8221;4.9.2&#8243; _module_preset=&#8221;default&#8221; width=&#8221;95%&#8221; max_width=&#8221;100%&#8221;][et_pb_column type=&#8221;4_4&#8243; _builder_version=&#8221;4.9.2&#8243; _module_preset=&#8221;default&#8221;][et_pb_text _builder_version=&#8221;4.9.4&#8243; _module_preset=&#8221;default&#8221; header_2_font=&#8221;|700|||||||&#8221; header_2_text_color=&#8221;#052c4d&#8221; header_2_font_size=&#8221;16px&#8221; background_color=&#8221;#dbdbdb&#8221; custom_margin=&#8221;||10px||false|false&#8221; custom_padding=&#8221;10px|28px||28px|false|true&#8221;]<\/p>\n<h2>D\u00e9couvrez les postes \u00e0 pourvoir<\/h2>\n<p>[\/et_pb_text][et_pb_blog post_type=&#8221;careers&#8221; show_thumbnail=&#8221;off&#8221; use_manual_excerpt=&#8221;off&#8221; excerpt_length=&#8221;0&#8243; show_more=&#8221;on&#8221; show_author=&#8221;off&#8221; show_date=&#8221;off&#8221; show_excerpt=&#8221;off&#8221; _builder_version=&#8221;4.9.2&#8243; _module_preset=&#8221;default&#8221; header_text_color=&#8221;#052c4d&#8221; header_font_size=&#8221;16px&#8221; body_font_size=&#8221;14px&#8221; meta_text_color=&#8221;#052c4d&#8221; meta_font_size=&#8221;14px&#8221; read_more_text_color=&#8221;#005cab&#8221; read_more_line_height=&#8221;1.6em&#8221;][\/et_pb_blog][\/et_pb_column][\/et_pb_row][\/et_pb_section]<\/p>\n","protected":false},"excerpt":{"rendered":"<p><script type=\"text\/javascript\">jQuery(function() { _initLayerSlider( '#layerslider_23_13esfnts3g070', {createdWith: '6.11.6', sliderVersion: '6.11.8', skin: 'v6', navPrevNext: false, hoverPrevNext: false, navStartStop: false, navButtons: false, showCircleTimer: false, skinsPath: 'https:\/\/elbitdynamics.com\/fr\/wp-content\/plugins\/LayerSlider\/assets\/static\/layerslider\/skins\/'}); });<\/script><div id=\"layerslider_23_13esfnts3g070\" class=\"ls-wp-container fitvidsignore\" style=\"width:1920px;height:550px;margin:0 auto;margin-bottom: 0px;\"><div class=\"ls-slide\" data-ls=\"kenburnsscale:1.2;\"><img loading=\"lazy\" width=\"1920\" height=\"550\" src=\"https:\/\/elbitdynamics.com\/fr\/wp-content\/uploads\/2021\/03\/careersTopBanner.jpg\" class=\"ls-bg\" alt=\"\" decoding=\"async\" srcset=\"https:\/\/elbitdynamics.com\/fr\/wp-content\/uploads\/2021\/03\/careersTopBanner.jpg 1920w, https:\/\/elbitdynamics.com\/fr\/wp-content\/uploads\/2021\/03\/careersTopBanner-1280x367.jpg 1280w, https:\/\/elbitdynamics.com\/fr\/wp-content\/uploads\/2021\/03\/careersTopBanner-980x281.jpg 980w, https:\/\/elbitdynamics.com\/fr\/wp-content\/uploads\/2021\/03\/careersTopBanner-480x138.jpg 480w\" sizes=\"auto, (min-width: 0px) and (max-width: 480px) 480px, (min-width: 481px) and (max-width: 980px) 980px, (min-width: 981px) and (max-width: 1280px) 1280px, (min-width: 1281px) 1920px, 100vw\" \/><img loading=\"lazy\" width=\"1793\" height=\"514\" src=\"https:\/\/elbitdynamics.com\/fr\/wp-content\/uploads\/2021\/03\/ls-slider-23-slide-1.jpg\" class=\"ls-tn\" alt=\"\" decoding=\"async\" srcset=\"https:\/\/elbitdynamics.com\/fr\/wp-content\/uploads\/2021\/03\/ls-slider-23-slide-1.jpg 1793w, https:\/\/elbitdynamics.com\/fr\/wp-content\/uploads\/2021\/03\/ls-slider-23-slide-1-1280x367.jpg 1280w, https:\/\/elbitdynamics.com\/fr\/wp-content\/uploads\/2021\/03\/ls-slider-23-slide-1-980x281.jpg 980w, https:\/\/elbitdynamics.com\/fr\/wp-content\/uploads\/2021\/03\/ls-slider-23-slide-1-480x138.jpg 480w\" sizes=\"auto, (min-width: 0px) and (max-width: 480px) 480px, (min-width: 481px) and (max-width: 980px) 980px, (min-width: 981px) and (max-width: 1280px) 1280px, (min-width: 1281px) 1793px, 100vw\" \/><p style=\"top:245px;left:135px;font-weight:600;background-size:inherit;background-position:inherit;font-size:50px;color:#ffffff;\" class=\"ls-l\">Carri&egrave;res<\/p><\/div><\/div>Elbit Dynamics est en pleine croissance et nous sommes \u00e0 la recherche de personnes empreintes de l\u2019esprit d\u2019innovation, curieuses et capables de travailler en \u00e9quipe pour rejoindre notre \u00e9quipe de professionnels.Travailler \u00e0 Elbit Dynamics Elbit Dynamics est une \u00e9quipe mondiale d&#8217;experts dont la passion est de proposer des offres originales en mati\u00e8re de cybers\u00e9curit\u00e9 [&hellip;]<\/p>\n","protected":false},"author":1,"featured_media":0,"parent":0,"menu_order":0,"comment_status":"closed","ping_status":"closed","template":"","meta":{"_et_pb_use_builder":"on","_et_pb_old_content":"","_et_gb_content_width":"","footnotes":""},"class_list":["post-46","page","type-page","status-publish","hentry"],"_links":{"self":[{"href":"https:\/\/elbitdynamics.com\/fr\/wp-json\/wp\/v2\/pages\/46","targetHints":{"allow":["GET"]}}],"collection":[{"href":"https:\/\/elbitdynamics.com\/fr\/wp-json\/wp\/v2\/pages"}],"about":[{"href":"https:\/\/elbitdynamics.com\/fr\/wp-json\/wp\/v2\/types\/page"}],"author":[{"embeddable":true,"href":"https:\/\/elbitdynamics.com\/fr\/wp-json\/wp\/v2\/users\/1"}],"replies":[{"embeddable":true,"href":"https:\/\/elbitdynamics.com\/fr\/wp-json\/wp\/v2\/comments?post=46"}],"version-history":[{"count":13,"href":"https:\/\/elbitdynamics.com\/fr\/wp-json\/wp\/v2\/pages\/46\/revisions"}],"predecessor-version":[{"id":1624,"href":"https:\/\/elbitdynamics.com\/fr\/wp-json\/wp\/v2\/pages\/46\/revisions\/1624"}],"wp:attachment":[{"href":"https:\/\/elbitdynamics.com\/fr\/wp-json\/wp\/v2\/media?parent=46"}],"curies":[{"name":"wp","href":"https:\/\/api.w.org\/{rel}","templated":true}]}}